{"id":256335,"date":"2022-06-10T16:24:56","date_gmt":"2022-06-10T22:24:56","guid":{"rendered":"https:\/\/xum.digital\/politica-de-privacidad\/"},"modified":"2022-11-01T22:32:43","modified_gmt":"2022-11-02T04:32:43","slug":"politica-de-privacidad","status":"publish","type":"page","link":"https:\/\/xum.digital\/es\/politica-de-privacidad\/","title":{"rendered":"Pol\u00edtica de privacidad"},"content":{"rendered":"<p>[et_pb_section fb_built=\u00bb1&#8243; _builder_version=\u00bb4.16&#8243; _module_preset=\u00bbdefault\u00bb background_enable_color=\u00bboff\u00bb use_background_color_gradient=\u00bbon\u00bb background_color_gradient_direction=\u00bb90deg\u00bb background_color_gradient_stops=\u00bb#000000 25%|rgba(211,211,211,0.51) 85%\u00bb background_color_gradient_overlays_image=\u00bbon\u00bb background_color_gradient_start=\u00bb#000000&#8243; background_color_gradient_start_position=\u00bb25%\u00bb background_color_gradient_end=\u00bbrgba(211,211,211,0.51)\u00bb background_color_gradient_end_position=\u00bb85%\u00bb background_image=\u00bbhttps:\/\/xum.digital\/wp-content\/uploads\/2021\/07\/web-development.jpg\u00bb bottom_divider_color=\u00bb#4B4C4C\u00bb bottom_divider_height=\u00bb36px\u00bb saved_tabs=\u00bball\u00bb locked=\u00bboff\u00bb global_colors_info=\u00bb{}\u00bb][et_pb_row use_custom_gutter=\u00bbon\u00bb make_equal=\u00bbon\u00bb _builder_version=\u00bb4.16&#8243; _module_preset=\u00bbdefault\u00bb custom_padding=\u00bb||10px||false|false\u00bb global_colors_info=\u00bb{}\u00bb][et_pb_column type=\u00bb4_4&#8243; _builder_version=\u00bb4.16&#8243; _module_preset=\u00bbdefault\u00bb global_colors_info=\u00bb{}\u00bb custom_css_main_element_last_edited=\u00bbon|phone\u00bb custom_css_main_element_tablet=\u00bbpadding-bottom:10px;\u00bb custom_css_main_element_phone=\u00bbmargin-bottom:0px;\u00bb][et_pb_text _builder_version=\u00bb4.17.4&#8243; _module_preset=\u00bbc5e1c558-cbbf-4f46-917f-13388175cc27&#8243; text_font=\u00bb|300|||||||\u00bb text_text_color=\u00bb#FFFFFF\u00bb link_font=\u00bb||||||||\u00bb ul_font=\u00bb||||||||\u00bb ol_font=\u00bb||||||||\u00bb quote_font=\u00bb||||||||\u00bb header_font=\u00bb|300|||||||\u00bb header_2_font=\u00bb|300|||||||\u00bb header_2_text_color=\u00bb#FFFFFF\u00bb header_2_font_size=\u00bb50px\u00bb header_3_font=\u00bb||||||||\u00bb header_4_font=\u00bb|300|||||||\u00bb header_4_text_color=\u00bb#4B4C4C\u00bb header_4_font_size=\u00bb50px\u00bb header_5_font=\u00bb||||||||\u00bb header_6_font=\u00bb||||||||\u00bb custom_margin_tablet=\u00bb||0px||false|false\u00bb custom_margin_phone=\u00bb||0px||false|false\u00bb custom_margin_last_edited=\u00bbon|phone\u00bb hover_enabled=\u00bb0&#8243; text_text_color_tablet=\u00bb\u00bb text_text_color_phone=\u00bb#FFFFFF\u00bb text_text_color_last_edited=\u00bbon|phone\u00bb header_text_color_tablet=\u00bb\u00bb header_text_color_phone=\u00bb#FFFFFF\u00bb header_text_color_last_edited=\u00bbon|phone\u00bb header_2_text_color_tablet=\u00bb\u00bb header_2_text_color_phone=\u00bb#FFFFFF\u00bb header_2_text_color_last_edited=\u00bbon|phone\u00bb header_2_font_size_tablet=\u00bb40px\u00bb header_2_font_size_phone=\u00bb35px\u00bb header_2_font_size_last_edited=\u00bbon|phone\u00bb header_2_line_height_tablet=\u00bb40px\u00bb header_2_line_height_phone=\u00bb40px\u00bb header_2_line_height_last_edited=\u00bbon|tablet\u00bb header_4_text_color_tablet=\u00bb\u00bb header_4_text_color_phone=\u00bb#FFFFFF\u00bb header_4_text_color_last_edited=\u00bbon|desktop\u00bb header_4_font_size_tablet=\u00bb40px\u00bb header_4_font_size_phone=\u00bb35px\u00bb header_4_font_size_last_edited=\u00bbon|phone\u00bb header_4_line_height_tablet=\u00bb40px\u00bb header_4_line_height_phone=\u00bb40px\u00bb header_4_line_height_last_edited=\u00bbon|tablet\u00bb text_orientation_tablet=\u00bbcenter\u00bb text_orientation_phone=\u00bb\u00bb text_orientation_last_edited=\u00bbon|phone\u00bb global_colors_info=\u00bb{}\u00bb sticky_enabled=\u00bb0&#8243;]<\/p>\n<h2>Pol\u00edtica de privacidad<\/h2>\n<p>Esta Pol\u00edtica de privacidad describe c\u00f3mo se recopila, utiliza y comparte su informaci\u00f3n personal cuando visita o realiza una compra en https:\/\/Xum.digital<\/p>\n<p>[\/et_pb_text][et_pb_image src=\u00bbhttps:\/\/xum.digital\/wp-content\/uploads\/2022\/01\/divide-side.jpg\u00bb title_text=\u00bblado dividido\u00bb _builder_version=\u00bb4.16&#8243; _module_preset=\u00bbdefault\u00bb width=\u00bb50%\u00bb global_colors_info=\u00bb{}\u00bb][\/et_pb_image][\/et_pb_column][\/et_pb_row][\/et_pb_section][et_pb_section fb_built=\u00bb1&#8243; _builder_version=\u00bb4.16&#8243; _module_preset=\u00bbdefault\u00bb background_color=\u00bb#000000&#8243; global_colors_info=\u00bb{}\u00bb][et_pb_row _builder_version=\u00bb4.16&#8243; _module_preset=\u00bbdefault\u00bb locked=\u00bboff\u00bb global_colors_info=\u00bb{}\u00bb][et_pb_column type=\u00bb4_4&#8243; _builder_version=\u00bb4.16&#8243; _module_preset=\u00bbdefault\u00bb global_colors_info=\u00bb{}\u00bb][et_pb_text _builder_version=\u00bb4.17.4&#8243; _module_preset=\u00bbdefault\u00bb text_font=\u00bb|300|||||||\u00bb text_text_color=\u00bb#FFFFFF\u00bb text_font_size=\u00bb16px\u00bb text_line_height=\u00bb28px\u00bb header_2_font=\u00bb|800|||||||\u00bb header_2_font_size=\u00bb30px\u00bb header_4_font=\u00bb|700|||||||\u00bb positioning=\u00bbrelative\u00bb vertical_offset=\u00bb3px\u00bb horizontal_offset=\u00bb1px\u00bb text_orientation=\u00bbjustified\u00bb hover_enabled=\u00bb0&#8243; global_colors_info=\u00bb{}\u00bb header_text_color=\u00bb#FFFFFF\u00bb sticky_enabled=\u00bb0&#8243;]<H1>Nuestras pol\u00edticas de privacidad.<\/H1><\/p>\n<p><span style=\"color: #ffffff;\">Esta Pol\u00edtica de privacidad describe c\u00f3mo se recopila, usa y comparte su informaci\u00f3n personal cuando visita o realiza una compra en <a href=\"https:\/\/xum.digital\" style=\"color: #ffffff;\">https:\/\/xum.digital<\/a> .<\/span><\/p>\n<h4><span style=\"color: #ffffff;\">INFORMACI\u00d3N PERSONAL QUE RECOPILAMOS<\/span><\/h4>\n<ul>\n<li><span style=\"color: #ffffff;\">Cuando visita el Sitio, recopilamos autom\u00e1ticamente cierta informaci\u00f3n sobre su dispositivo, incluida informaci\u00f3n sobre su navegador web, direcci\u00f3n IP, zona horaria y algunas de las cookies que est\u00e1n instaladas en su dispositivo. Adem\u00e1s, a medida que navega por el Sitio, recopilamos informaci\u00f3n sobre las p\u00e1ginas web individuales o los productos que ve, qu\u00e9 sitios web o t\u00e9rminos de b\u00fasqueda lo remitieron al Sitio e informaci\u00f3n sobre c\u00f3mo interact\u00faa con el Sitio. Nos referimos a esta informaci\u00f3n recopilada autom\u00e1ticamente como \u00abInformaci\u00f3n recopilada\u00bb.<\/span><br \/><span style=\"color: #ffffff;\">Podemos recopilar informaci\u00f3n utilizando las siguientes tecnolog\u00edas:<\/span><\/li>\n<li><span style=\"color: #ffffff;\">\u00abFormularios web\u00bb, puede optar por proporcionarnos su contacto e informaci\u00f3n personal a trav\u00e9s de cualquier formulario de sitio web en nuestro sitio web. El prop\u00f3sito de enviar sus datos es expresarnos su \u00fanico inter\u00e9s en nuestros productos o servicios. (M\u00e1s com\u00fan)<\/span><\/li>\n<li><span style=\"color: #ffffff;\"> Las \u00abcookies\u00bb son archivos de datos que se colocan en su dispositivo o computadora y, a menudo, incluyen un identificador \u00fanico an\u00f3nimo. Para obtener m\u00e1s informaci\u00f3n sobre las cookies y c\u00f3mo deshabilitarlas, visite http:\/\/www.allaboutcookies.org.<\/span><\/li>\n<li><span style=\"color: #ffffff;\"> Los \u00abarchivos de registro\u00bb rastrean las acciones que ocurren en el Sitio y recopilan datos, incluida su direcci\u00f3n IP, tipo de navegador, proveedor de servicios de Internet, p\u00e1ginas de referencia\/salida y sellos de fecha\/hora.<\/span><\/li>\n<li><span style=\"color: #ffffff;\"> Las \u00abbalizas web\u00bb, las \u00abetiquetas\u00bb y los \u00abp\u00edxeles\u00bb son archivos electr\u00f3nicos que se utilizan para registrar informaci\u00f3n sobre c\u00f3mo navega por el Sitio.<\/span><\/li>\n<li><span style=\"color: #ffffff;\"> \u00abGoogle Anaylitics\u00bb, para recopilar datos (no personales) sobre los visitantes del sitio web<\/span><\/li>\n<li><span style=\"color: #ffffff;\"> \u00abFastbase\u00bb, podemos usar esto para recopilar datos de contacto y nombre de los visitantes del sitio web en lo que respecta a nuestro negocio \u00fanicamente.<\/span><\/li>\n<\/ul>\n<p><span style=\"color: #ffffff;\">Adem\u00e1s, cuando realiza una compra o intenta realizar una compra a trav\u00e9s del Sitio, recopilamos cierta informaci\u00f3n sobre usted, incluido su nombre, direcci\u00f3n de facturaci\u00f3n, direcci\u00f3n de env\u00edo, informaci\u00f3n de pago (incluidos los n\u00fameros de tarjeta de cr\u00e9dito), direcci\u00f3n de correo electr\u00f3nico y n\u00famero de tel\u00e9fono. Nos referimos a esta informaci\u00f3n como \u00abInformaci\u00f3n del pedido\u00bb.<\/span><\/p>\n<p><span style=\"color: #ffffff;\">Cuando hablamos de \u00abInformaci\u00f3n personal\u00bb en esta Pol\u00edtica de privacidad, nos referimos a la Informaci\u00f3n del dispositivo, la Informaci\u00f3n recopilada y la Informaci\u00f3n del pedido.<\/span><\/p>\n<h4><span style=\"color: #ffffff;\">\u00bfCOMO USAMOS TU INFORMACI\u00d3N PERSONAL?<\/span><\/h4>\n<p><span style=\"color: #ffffff;\">Utilizamos la Informaci\u00f3n de pedido que recopilamos generalmente para cumplir con cualquier pedido realizado a trav\u00e9s del Sitio (incluido el procesamiento de su informaci\u00f3n de pago, la organizaci\u00f3n del env\u00edo y el env\u00edo de facturas y\/o confirmaciones de pedidos). Adem\u00e1s, utilizamos esta Informaci\u00f3n de pedido para: Comunicarnos con usted; Revisar nuestros pedidos en busca de riesgo potencial o fraude; y Cuando est\u00e9 en l\u00ednea con las preferencias que ha compartido con nosotros, proporcionarle informaci\u00f3n o publicidad relacionada con nuestros productos o servicios.<\/span><\/p>\n<p><span style=\"color: #ffffff;\">Usamos la informaci\u00f3n recopilada que recopilamos para ayudarnos a detectar posibles riesgos y fraudes (en particular, su direcci\u00f3n IP) y, de manera m\u00e1s general, para mejorar y optimizar nuestro sitio (por ejemplo, al generar an\u00e1lisis sobre c\u00f3mo nuestros clientes navegan e interact\u00faan con el Sitio, y para evaluar el \u00e9xito de nuestras campa\u00f1as de marketing y publicidad).<\/span><\/p>\n<h4><span style=\"color: #ffffff;\">COMPARTIR SU INFORMACI\u00d3N PERSONAL<\/span><\/h4>\n<p><span style=\"color: #ffffff;\">Compartimos su informaci\u00f3n personal con terceros para ayudarnos a usar su informaci\u00f3n personal, como se describe anteriormente. Tambi\u00e9n usamos Google Analytics para ayudarnos a comprender c\u00f3mo nuestros clientes usan el Sitio; puede leer m\u00e1s sobre c\u00f3mo Google usa su informaci\u00f3n personal aqu\u00ed: https:\/\/www.google.com\/intl\/en\/policies\/privacy\/. Tambi\u00e9n puede darse de baja de Google Analytics aqu\u00ed: <a href=\"https:\/\/tools.google.com\/dlpage\/gaoptout\" style=\"color: #ffffff;\">https:\/\/tools.google.com\/dlpage\/gaoptout<\/a> .<\/span><\/p>\n<p><span style=\"color: #ffffff;\">No compartimos ni vendemos su informaci\u00f3n personal a ninguna otra parte que est\u00e9 fuera del funcionamiento normal de nuestro negocio bajo ninguna circunstancia.<\/span><\/p>\n<p><span style=\"color: #ffffff;\">Finalmente, tambi\u00e9n podemos compartir su Informaci\u00f3n personal para cumplir con las leyes y regulaciones aplicables, para responder a una citaci\u00f3n, orden de allanamiento u otra solicitud legal de informaci\u00f3n que recibamos, o para proteger nuestros derechos.<\/span><\/p>\n<h4><span style=\"color: #ffffff;\">PUBLICIDAD COMPORTAMENTAL<\/span><\/h4>\n<p><span style=\"color: #ffffff;\">Como se describi\u00f3 anteriormente, usamos su informaci\u00f3n personal para brindarle anuncios dirigidos o comunicaciones de marketing que creemos que pueden ser de su inter\u00e9s. Para obtener m\u00e1s informaci\u00f3n sobre c\u00f3mo funciona la publicidad dirigida, puede visitar la p\u00e1gina educativa de Network Advertising Initiative (\u00abNAI\u00bb) en <a href=\"http:\/\/www.networkadvertising.org\/understanding-online-advertising\/how-does-it-work\" style=\"color: #ffffff;\">http:\/\/www.networkadvertising.org\/understanding-online-advertising\/how-does-it-work<\/a> .<\/span><\/p>\n<p><span style=\"color: #ffffff;\">Puede optar por no recibir publicidad dirigida al:<\/span><br \/><span style=\"color: #ffffff;\">FACEBOOK: <a href=\"https:\/\/www.facebook.com\/settings\/?tab=ads\" style=\"color: #ffffff;\">https:\/\/www.facebook.com\/settings\/?tab=ads<\/a><\/span><br \/><span style=\"color: #ffffff;\">GOOGLE: <a href=\"https:\/\/www.google.com\/settings\/ads\/anonymous\" style=\"color: #ffffff;\">https:\/\/www.google.com\/settings\/ads\/anonymous<\/a><\/span><br \/><span style=\"color: #ffffff;\">BING: <a href=\"https:\/\/advertise.bingads.microsoft.com\/en-us\/resources\/policies\/personalized-ads\" style=\"color: #ffffff;\">https:\/\/advertise.bingads.microsoft.com\/en-us\/resources\/policies\/personalized-ads<\/a><\/span><\/p>\n<p><span style=\"color: #ffffff;\">Adem\u00e1s, puede optar por no participar en algunos de estos servicios visitando el portal de exclusi\u00f3n voluntaria de Digital Advertising Alliance en: <a href=\"http:\/\/optout.aboutads.info\/\" style=\"color: #ffffff;\">http:\/\/optout.aboutads.info\/<\/a> .<\/span><\/p>\n<h4><span style=\"color: #ffffff;\">NO SEGUIR<\/span><\/h4>\n<p><span style=\"color: #ffffff;\">Tenga en cuenta que no alteramos las pr\u00e1cticas de uso y recopilaci\u00f3n de datos de nuestro Sitio cuando vemos una se\u00f1al de No rastrear de su navegador.<\/span><\/p>\n<h4><span style=\"color: #ffffff;\">TUS DERECHOS<\/span><\/h4>\n<p><span style=\"color: #ffffff;\">Si es residente europeo, tiene derecho a acceder a la informaci\u00f3n personal que tenemos sobre usted y a solicitar que se corrija, actualice o elimine su informaci\u00f3n personal. Si desea ejercer este derecho, comun\u00edquese con nosotros a trav\u00e9s de la informaci\u00f3n de contacto a continuaci\u00f3n.<\/span><\/p>\n<p><span style=\"color: #ffffff;\">Adem\u00e1s, si es residente europeo, notamos que estamos procesando su informaci\u00f3n para cumplir con los contratos que podr\u00edamos tener con usted (por ejemplo, si realiza un pedido a trav\u00e9s del Sitio), o para perseguir nuestros intereses comerciales leg\u00edtimos enumerados anteriormente. Adem\u00e1s, tenga en cuenta que su informaci\u00f3n se transferir\u00e1 fuera de Europa, incluidos Canad\u00e1 y los Estados Unidos.<\/span><\/p>\n<h4><span style=\"color: #ffffff;\">RETENCI\u00d3N y PROTECCI\u00d3N DE DATOS<\/span><\/h4>\n<p><span style=\"color: #ffffff;\">Cuando realiza un pedido a trav\u00e9s del Sitio, mantendremos la Informaci\u00f3n de su pedido para nuestros registros a menos y hasta que nos solicite que eliminemos esta informaci\u00f3n.<\/span><\/p>\n<p><span style=\"color: #ffffff;\">Implementamos y mantenemos procedimientos y pr\u00e1cticas de seguridad razonables y adecuados a la naturaleza de la informaci\u00f3n.<\/span><\/p>\n<h4><span style=\"color: #ffffff;\">MENORES<\/span><\/h4>\n<p><span style=\"color: #ffffff;\">El Sitio no est\u00e1 destinado a personas menores de 18 a\u00f1os.<\/span><\/p>\n<h4><span style=\"color: #ffffff;\">CAMBIOS<\/span><\/h4>\n<p><span style=\"color: #ffffff;\">Podemos actualizar esta pol\u00edtica de privacidad de vez en cuando para reflejar, por ejemplo, cambios en nuestras pr\u00e1cticas o por otras razones operativas, legales o reglamentarias.<\/span><\/p>\n<h4><span style=\"color: #ffffff;\">CONT\u00c1CTENOS<\/span><\/h4>\n<p><span style=\"color: #ffffff;\">Para obtener m\u00e1s informaci\u00f3n sobre nuestras pr\u00e1cticas de privacidad, si tiene preguntas o si desea presentar una queja, comun\u00edquese con nosotros mediante el formulario en nuestra p\u00e1gina de contacto <a href=\"https:\/\/xum.digital\/es\/contactenos\/\" style=\"color: #ffffff;\">https:\/\/xum.digital\/contact-us\/<\/a> o por mail <a href=\"mailto:info@xum.digital\" style=\"color: #ffffff;\">info @xum.digital<\/a> .<\/span><\/p>\n<p>[\/et_pb_text][\/et_pb_column][\/et_pb_row][\/et_pb_section]<\/p>\n","protected":false},"excerpt":{"rendered":"<p>Pol\u00edtica de privacidad Esta Pol\u00edtica de privacidad describe c\u00f3mo se recopila, utiliza y comparte su informaci\u00f3n personal cuando visita o realiza una compra en https:\/\/Xum.digitalNuestras pol\u00edticas de privacidad. Esta Pol\u00edtica de privacidad describe c\u00f3mo se recopila, usa y comparte su informaci\u00f3n personal cuando visita o realiza una compra en https:\/\/xum.digital . INFORMACI\u00d3N PERSONAL QUE RECOPILAMOS [&hellip;]<\/p>\n","protected":false},"author":1,"featured_media":0,"parent":0,"menu_order":0,"comment_status":"closed","ping_status":"closed","template":"","meta":{"_et_pb_use_builder":"on","_et_pb_old_content":"","_et_gb_content_width":"","inline_featured_image":false,"footnotes":""},"class_list":["post-256335","page","type-page","status-publish","hentry"],"yoast_head":"<!-- This site is optimized with the Yoast SEO plugin v27.4 - https:\/\/yoast.com\/product\/yoast-seo-wordpress\/ -->\n<title>Pol\u00edtica de privacidad &#8226; XUM Digital<\/title>\n<meta name=\"description\" content=\"Xum Digital respeta su privacidad e informaci\u00f3n. No compartimos, manejamos ni vendemos su informaci\u00f3n. Lo que sea que compartas con nosotros, se mantiene privado.\" \/>\n<meta name=\"robots\" content=\"index, follow, max-snippet:-1, max-image-preview:large, max-video-preview:-1\" \/>\n<link rel=\"canonical\" href=\"https:\/\/xum.digital\/es\/politica-de-privacidad\/\" \/>\n<meta property=\"og:locale\" content=\"es_ES\" \/>\n<meta property=\"og:type\" content=\"article\" \/>\n<meta property=\"og:title\" content=\"Pol\u00edtica de privacidad &#8226; XUM Digital\" \/>\n<meta property=\"og:description\" content=\"Xum Digital respeta su privacidad e informaci\u00f3n. No compartimos, manejamos ni vendemos su informaci\u00f3n. Lo que sea que compartas con nosotros, se mantiene privado.\" \/>\n<meta property=\"og:url\" content=\"https:\/\/xum.digital\/es\/politica-de-privacidad\/\" \/>\n<meta property=\"og:site_name\" content=\"XUM Digital\" \/>\n<meta property=\"article:publisher\" content=\"https:\/\/www.facebook.com\/hospedajeweb\" \/>\n<meta property=\"article:modified_time\" content=\"2022-11-02T04:32:43+00:00\" \/>\n<meta property=\"og:image\" content=\"https:\/\/xum.digital\/wp-content\/uploads\/2022\/02\/400x400-XUM-Logo.jpg\" \/>\n\t<meta property=\"og:image:width\" content=\"400\" \/>\n\t<meta property=\"og:image:height\" content=\"400\" \/>\n\t<meta property=\"og:image:type\" content=\"image\/jpeg\" \/>\n<meta name=\"twitter:card\" content=\"summary_large_image\" \/>\n<meta name=\"twitter:site\" content=\"@internetyarte\" \/>\n<meta name=\"twitter:label1\" content=\"Tiempo de lectura\" \/>\n\t<meta name=\"twitter:data1\" content=\"8 minutos\" \/>\n<script type=\"application\/ld+json\" class=\"yoast-schema-graph\">{\"@context\":\"https:\\\/\\\/schema.org\",\"@graph\":[{\"@type\":\"WebPage\",\"@id\":\"https:\\\/\\\/xum.digital\\\/es\\\/politica-de-privacidad\\\/\",\"url\":\"https:\\\/\\\/xum.digital\\\/es\\\/politica-de-privacidad\\\/\",\"name\":\"Pol\u00edtica de privacidad &#8226; XUM Digital\",\"isPartOf\":{\"@id\":\"https:\\\/\\\/xum.digital\\\/es\\\/#website\"},\"datePublished\":\"2022-06-10T22:24:56+00:00\",\"dateModified\":\"2022-11-02T04:32:43+00:00\",\"description\":\"Xum Digital respeta su privacidad e informaci\u00f3n. No compartimos, manejamos ni vendemos su informaci\u00f3n. Lo que sea que compartas con nosotros, se mantiene privado.\",\"breadcrumb\":{\"@id\":\"https:\\\/\\\/xum.digital\\\/es\\\/politica-de-privacidad\\\/#breadcrumb\"},\"inLanguage\":\"es\",\"potentialAction\":[{\"@type\":\"ReadAction\",\"target\":[\"https:\\\/\\\/xum.digital\\\/es\\\/politica-de-privacidad\\\/\"]}]},{\"@type\":\"BreadcrumbList\",\"@id\":\"https:\\\/\\\/xum.digital\\\/es\\\/politica-de-privacidad\\\/#breadcrumb\",\"itemListElement\":[{\"@type\":\"ListItem\",\"position\":1,\"name\":\"Home\",\"item\":\"https:\\\/\\\/xum.digital\\\/es\\\/\"},{\"@type\":\"ListItem\",\"position\":2,\"name\":\"Pol\u00edtica de privacidad\"}]},{\"@type\":\"WebSite\",\"@id\":\"https:\\\/\\\/xum.digital\\\/es\\\/#website\",\"url\":\"https:\\\/\\\/xum.digital\\\/es\\\/\",\"name\":\"XUM Digital\",\"description\":\"Digital Marketing Agency\",\"publisher\":{\"@id\":\"https:\\\/\\\/xum.digital\\\/es\\\/#organization\"},\"potentialAction\":[{\"@type\":\"SearchAction\",\"target\":{\"@type\":\"EntryPoint\",\"urlTemplate\":\"https:\\\/\\\/xum.digital\\\/es\\\/?s={search_term_string}\"},\"query-input\":{\"@type\":\"PropertyValueSpecification\",\"valueRequired\":true,\"valueName\":\"search_term_string\"}}],\"inLanguage\":\"es\"},{\"@type\":\"Organization\",\"@id\":\"https:\\\/\\\/xum.digital\\\/es\\\/#organization\",\"name\":\"Xum Digital\",\"url\":\"https:\\\/\\\/xum.digital\\\/es\\\/\",\"logo\":{\"@type\":\"ImageObject\",\"inLanguage\":\"es\",\"@id\":\"https:\\\/\\\/xum.digital\\\/es\\\/#\\\/schema\\\/logo\\\/image\\\/\",\"url\":\"https:\\\/\\\/xum.digital\\\/wp-content\\\/uploads\\\/2022\\\/04\\\/XUM-Digital-LogoC.png\",\"contentUrl\":\"https:\\\/\\\/xum.digital\\\/wp-content\\\/uploads\\\/2022\\\/04\\\/XUM-Digital-LogoC.png\",\"width\":725,\"height\":279,\"caption\":\"Xum Digital\"},\"image\":{\"@id\":\"https:\\\/\\\/xum.digital\\\/es\\\/#\\\/schema\\\/logo\\\/image\\\/\"},\"sameAs\":[\"https:\\\/\\\/www.facebook.com\\\/hospedajeweb\",\"https:\\\/\\\/x.com\\\/internetyarte\",\"http:\\\/\\\/instagram.com\\\/yersanpuntocom\\\/\",\"https:\\\/\\\/www.linkedin.com\\\/company\\\/xumdigital\",\"https:\\\/\\\/www.pinterest.com\\\/xumdigital\\\/\"]}]}<\/script>\n<!-- \/ Yoast SEO plugin. -->","yoast_head_json":{"title":"Pol\u00edtica de privacidad &#8226; XUM Digital","description":"Xum Digital respeta su privacidad e informaci\u00f3n. No compartimos, manejamos ni vendemos su informaci\u00f3n. Lo que sea que compartas con nosotros, se mantiene privado.","robots":{"index":"index","follow":"follow","max-snippet":"max-snippet:-1","max-image-preview":"max-image-preview:large","max-video-preview":"max-video-preview:-1"},"canonical":"https:\/\/xum.digital\/es\/politica-de-privacidad\/","og_locale":"es_ES","og_type":"article","og_title":"Pol\u00edtica de privacidad &#8226; XUM Digital","og_description":"Xum Digital respeta su privacidad e informaci\u00f3n. No compartimos, manejamos ni vendemos su informaci\u00f3n. Lo que sea que compartas con nosotros, se mantiene privado.","og_url":"https:\/\/xum.digital\/es\/politica-de-privacidad\/","og_site_name":"XUM Digital","article_publisher":"https:\/\/www.facebook.com\/hospedajeweb","article_modified_time":"2022-11-02T04:32:43+00:00","og_image":[{"width":400,"height":400,"url":"https:\/\/xum.digital\/wp-content\/uploads\/2022\/02\/400x400-XUM-Logo.jpg","type":"image\/jpeg"}],"twitter_card":"summary_large_image","twitter_site":"@internetyarte","twitter_misc":{"Tiempo de lectura":"8 minutos"},"schema":{"@context":"https:\/\/schema.org","@graph":[{"@type":"WebPage","@id":"https:\/\/xum.digital\/es\/politica-de-privacidad\/","url":"https:\/\/xum.digital\/es\/politica-de-privacidad\/","name":"Pol\u00edtica de privacidad &#8226; XUM Digital","isPartOf":{"@id":"https:\/\/xum.digital\/es\/#website"},"datePublished":"2022-06-10T22:24:56+00:00","dateModified":"2022-11-02T04:32:43+00:00","description":"Xum Digital respeta su privacidad e informaci\u00f3n. No compartimos, manejamos ni vendemos su informaci\u00f3n. Lo que sea que compartas con nosotros, se mantiene privado.","breadcrumb":{"@id":"https:\/\/xum.digital\/es\/politica-de-privacidad\/#breadcrumb"},"inLanguage":"es","potentialAction":[{"@type":"ReadAction","target":["https:\/\/xum.digital\/es\/politica-de-privacidad\/"]}]},{"@type":"BreadcrumbList","@id":"https:\/\/xum.digital\/es\/politica-de-privacidad\/#breadcrumb","itemListElement":[{"@type":"ListItem","position":1,"name":"Home","item":"https:\/\/xum.digital\/es\/"},{"@type":"ListItem","position":2,"name":"Pol\u00edtica de privacidad"}]},{"@type":"WebSite","@id":"https:\/\/xum.digital\/es\/#website","url":"https:\/\/xum.digital\/es\/","name":"XUM Digital","description":"Digital Marketing Agency","publisher":{"@id":"https:\/\/xum.digital\/es\/#organization"},"potentialAction":[{"@type":"SearchAction","target":{"@type":"EntryPoint","urlTemplate":"https:\/\/xum.digital\/es\/?s={search_term_string}"},"query-input":{"@type":"PropertyValueSpecification","valueRequired":true,"valueName":"search_term_string"}}],"inLanguage":"es"},{"@type":"Organization","@id":"https:\/\/xum.digital\/es\/#organization","name":"Xum Digital","url":"https:\/\/xum.digital\/es\/","logo":{"@type":"ImageObject","inLanguage":"es","@id":"https:\/\/xum.digital\/es\/#\/schema\/logo\/image\/","url":"https:\/\/xum.digital\/wp-content\/uploads\/2022\/04\/XUM-Digital-LogoC.png","contentUrl":"https:\/\/xum.digital\/wp-content\/uploads\/2022\/04\/XUM-Digital-LogoC.png","width":725,"height":279,"caption":"Xum Digital"},"image":{"@id":"https:\/\/xum.digital\/es\/#\/schema\/logo\/image\/"},"sameAs":["https:\/\/www.facebook.com\/hospedajeweb","https:\/\/x.com\/internetyarte","http:\/\/instagram.com\/yersanpuntocom\/","https:\/\/www.linkedin.com\/company\/xumdigital","https:\/\/www.pinterest.com\/xumdigital\/"]}]}},"_links":{"self":[{"href":"https:\/\/xum.digital\/es\/wp-json\/wp\/v2\/pages\/256335","targetHints":{"allow":["GET"]}}],"collection":[{"href":"https:\/\/xum.digital\/es\/wp-json\/wp\/v2\/pages"}],"about":[{"href":"https:\/\/xum.digital\/es\/wp-json\/wp\/v2\/types\/page"}],"author":[{"embeddable":true,"href":"https:\/\/xum.digital\/es\/wp-json\/wp\/v2\/users\/1"}],"replies":[{"embeddable":true,"href":"https:\/\/xum.digital\/es\/wp-json\/wp\/v2\/comments?post=256335"}],"version-history":[{"count":0,"href":"https:\/\/xum.digital\/es\/wp-json\/wp\/v2\/pages\/256335\/revisions"}],"wp:attachment":[{"href":"https:\/\/xum.digital\/es\/wp-json\/wp\/v2\/media?parent=256335"}],"curies":[{"name":"wp","href":"https:\/\/api.w.org\/{rel}","templated":true}]}}